{"id":2528,"date":"2019-12-22T16:53:39","date_gmt":"2019-12-22T14:53:39","guid":{"rendered":"https:\/\/www.parosrentals.gr\/paros-port\/"},"modified":"2022-02-12T00:11:16","modified_gmt":"2022-02-11T22:11:16","slug":"paros-port","status":"publish","type":"page","link":"https:\/\/www.parosrentals.gr\/fr\/paros-port\/","title":{"rendered":"Port de Paros"},"content":{"rendered":"\n<h3 class=\"wp-block-heading\" id=\"le-service-a-la-clientele-est-notre-premiere-priorite-et-c-est-pourquoi-notre-bureau-offre-totalement-prise-en-charge-et-retour-gratuits-vehicule-au-port-de-paros\"><strong>Le service \u00e0 la client\u00e8le est notre premi\u00e8re priorit\u00e9 et c&rsquo;est pourquoi notre bureau offre totalement prise en charge et retour gratuits v\u00e9hicule au port de Paros !<\/strong><\/h3>\n\n\n\n<h2 class=\"has-luminous-vivid-amber-color has-text-color wp-block-heading\" id=\"zones-de-ramassage-de-depot\"><strong>ZONES DE RAMASSAGE \/ DE D\u00c9P\u00d4T<\/strong><\/h2>\n\n\n\n<figure class=\"wp-block-image size-large is-resized\"><img fetchpriority=\"high\" decoding=\"async\" src=\"https:\/\/www.parosrentals.gr\/wp-content\/uploads\/2019\/12\/paros-port-1024x682.jpg\" alt=\"\" class=\"wp-image-1079\" width=\"536\" height=\"356\" srcset=\"https:\/\/www.parosrentals.gr\/wp-content\/uploads\/2019\/12\/paros-port-1024x682.jpg 1024w, https:\/\/www.parosrentals.gr\/wp-content\/uploads\/2019\/12\/paros-port-450x300.jpg 450w, https:\/\/www.parosrentals.gr\/wp-content\/uploads\/2019\/12\/paros-port-768x512.jpg 768w, https:\/\/www.parosrentals.gr\/wp-content\/uploads\/2019\/12\/paros-port-1536x1024.jpg 1536w, https:\/\/www.parosrentals.gr\/wp-content\/uploads\/2019\/12\/paros-port-2048x1365.jpg 2048w\" sizes=\"(max-width: 536px) 100vw, 536px\" \/><\/figure>\n\n\n\n<h6 class=\"wp-block-heading\" id=\"louer-une-voiture-au-port-de-paros-un-representant-de-notre-societe-vous-attend-pour-vous-accueillir-dans-le-port-de-paros-avec-une-etiquette-a-votre-nom\"><strong>\u25ba Louer une voiture au port de Paros :<br><\/strong>Un repr\u00e9sentant de notre soci\u00e9t\u00e9 vous attend pour vous accueillir, dans le port de Paros, avec une \u00e9tiquette \u00e0 votre nom.<\/h6>\n\n\n\n<hr class=\"wp-block-separator\"\/>\n\n\n\n<p class=\"has-text-align-center has-very-dark-gray-color has-luminous-vivid-amber-background-color has-text-color has-background has-medium-font-size\">Un repr\u00e9sentant de notre soci\u00e9t\u00e9 vous attend pour vous accueillir, <strong>dans le port de Paros, avec une \u00e9tiquette \u00e0 votre nom<\/strong>.<\/p>\n\n\n\n<div class=\"wp-block-image\"><figure class=\"aligncenter size-large\"><img decoding=\"async\" width=\"495\" height=\"333\" src=\"https:\/\/www.parosrentals.gr\/wp-content\/uploads\/2019\/12\/meet-and-greeet-2-1.jpg\" alt=\"\" class=\"wp-image-1099\" srcset=\"https:\/\/www.parosrentals.gr\/wp-content\/uploads\/2019\/12\/meet-and-greeet-2-1.jpg 495w, https:\/\/www.parosrentals.gr\/wp-content\/uploads\/2019\/12\/meet-and-greeet-2-1-450x303.jpg 450w\" sizes=\"(max-width: 495px) 100vw, 495px\" \/><\/figure><\/div>\n\n\n\n<p>Chaniotis Paros Rentals offre des services complets de location de voitures et des services de prise en charge et de d\u00e9pose 24 heures sur 24 au port de Paros, situ\u00e9 dans la r\u00e9gion de Parikia o\u00f9 il y a un acc\u00e8s en voiture. Profitez des offres sp\u00e9ciales de notre soci\u00e9t\u00e9 de location de voitures et \u00e9conomisez jusqu&rsquo;\u00e0 40 % sur toutes les locations de voitures et de motos \u00e0 Paros, sans restriction de kilom\u00e9trage, avec une assurance tous risques, un service routier 24 heures sur 24, etc.<\/p>\n\n\n\n<p>Nous sommes heureux de vous proposer un service de location de voiture en ligne \u00e0 Paros qui vous permettra de choisir un v\u00e9hicule et de vous le faire livrer gratuitement \u00e0 votre arriv\u00e9e au port de Paros. Au point de ramassage, nous vous fournirons une carte routi\u00e8re de Paros et vous donnerons des conseils utiles sur les endroits \u00e0 visiter.<\/p>\n\n\n\n<p>Vous pouvez \u00e9galement choisir de vous faire livrer votre voiture ailleurs, mais il est certainement plus pratique et plus confortable pour vous de la r\u00e9cup\u00e9rer au d\u00e9barquement du ferry.<\/p>\n\n\n\n<p>Nos services de location de Paros ne se limitent pas \u00e0 la livraison, mais ils comprennent la prise en charge de la voiture \u00e0 votre d\u00e9part du port de Paros. La commodit\u00e9 et le confort sont nos aspirations et nos souhaits pour nos clients. Lorsque vous quitterez Paros, plein de nouvelles exp\u00e9riences et d&rsquo;images, un repr\u00e9sentant de notre soci\u00e9t\u00e9 de location de voitures vous attendra au port de Paros, pour r\u00e9cup\u00e9rer votre voiture de location et vous saluer.<\/p>\n\n\n\n<div class=\"wp-block-media-text alignwide is-stacked-on-mobile has-background has-luminous-vivid-amber-background-color has-background\" style=\"grid-template-columns:49% auto\"><figure class=\"wp-block-media-text__media\"><img decoding=\"async\" width=\"1024\" height=\"576\" src=\"https:\/\/www.parosrentals.gr\/wp-content\/uploads\/2019\/12\/port-office-1200x675-1-1024x576.jpg\" alt=\"\" class=\"wp-image-1080 size-full\" srcset=\"https:\/\/www.parosrentals.gr\/wp-content\/uploads\/2019\/12\/port-office-1200x675-1-1024x576.jpg 1024w, https:\/\/www.parosrentals.gr\/wp-content\/uploads\/2019\/12\/port-office-1200x675-1-450x253.jpg 450w, https:\/\/www.parosrentals.gr\/wp-content\/uploads\/2019\/12\/port-office-1200x675-1-768x432.jpg 768w, https:\/\/www.parosrentals.gr\/wp-content\/uploads\/2019\/12\/port-office-1200x675-1.jpg 1200w\" sizes=\"(max-width: 767px) 89vw, (max-width: 1000px) 54vw, (max-width: 1071px) 543px, 580px\" \/><\/figure><div class=\"wp-block-media-text__content\">\n<p class=\"has-normal-font-size\"> <strong>\u25baNotre entreprise dispose d&rsquo;une station de ramassage juste en face du port, \u00e0 l&rsquo;entr\u00e9e principale et devant le mil, \u00e0 l&rsquo;int\u00e9rieur du BUREAU ACROPOLIS.<\/strong><\/p>\n\n\n\n<p><strong>Localisation :<\/strong>Port de Paros, Point de rencontre Porte principale, Paros, Gr\u00e8ce.<br><strong>CONTACT :<\/strong><br> T<strong>\u00e9l\u00e9phone :<\/strong> (+30) 22840 91248<br> <strong>Mob :<\/strong> +30 694 8588 128 <\/p>\n<\/div><\/div>\n\n\n\n<hr class=\"wp-block-separator has-text-color has-background has-luminous-vivid-amber-background-color has-luminous-vivid-amber-color is-style-dots\"\/>\n\n\n\n<p>Afin de ne pas avoir de retard \u00e0 votre arriv\u00e9e et de r\u00e9cup\u00e9rer votre v\u00e9hicule imm\u00e9diatement, nous vous proposons le service <a href=\"https:\/\/www.parosrentals.gr\/express-check-in\/\">EXPRESS CHECK-IN<\/a>.<\/p>\n\n\n\n<div class=\"wp-block-image\"><figure class=\"aligncenter\"><a href=\"https:\/\/docs.google.com\/forms\/d\/e\/1FAIpQLSdcF8nj8qqUL81GPtTUPcgZCIrMpezE4ymV_5qgz2_6HLcv5w\/viewform?c=0&amp;w=1\" target=\"_blank\" rel=\"noreferrer noopener\"><img decoding=\"async\" src=\"https:\/\/www.parosrentals.gr\/wp-content\/uploads\/2019\/07\/island-driver.svg\" alt=\"\" class=\"wp-image-1908\"\/><\/a><\/figure><\/div>\n","protected":false},"excerpt":{"rendered":"<p>Le service \u00e0 la client\u00e8le est notre premi\u00e8re priorit\u00e9 et c&rsquo;est pourquoi notre bureau offre totalement prise en charge et retour gratuits v\u00e9hicule au port de Paros ! ZONES DE &hellip; <\/p>\n","protected":false},"author":4,"featured_media":0,"parent":0,"menu_order":6,"comment_status":"closed","ping_status":"closed","template":"","meta":{"_acf_changed":false,"footnotes":""},"class_list":["post-2528","page","type-page","status-publish","hentry"],"acf":[],"yoast_head":"<!-- This site is optimized with the Yoast SEO Premium plugin v26.7 (Yoast SEO v26.7) - https:\/\/yoast.com\/wordpress\/plugins\/seo\/ -->\n<title>Port de Paros - Paros Rentals<\/title>\n<meta name=\"robots\" content=\"index, follow, max-snippet:-1, max-image-preview:large, max-video-preview:-1\" \/>\n<link rel=\"canonical\" href=\"https:\/\/www.parosrentals.gr\/fr\/paros-port\/\" \/>\n<meta property=\"og:locale\" content=\"fr_FR\" \/>\n<meta property=\"og:type\" content=\"article\" \/>\n<meta property=\"og:title\" content=\"Port de Paros\" \/>\n<meta property=\"og:description\" content=\"Le service \u00e0 la client\u00e8le est notre premi\u00e8re priorit\u00e9 et c&rsquo;est pourquoi notre bureau offre totalement prise en charge et retour gratuits v\u00e9hicule au port de Paros ! ZONES DE &hellip;\" \/>\n<meta property=\"og:url\" content=\"https:\/\/www.parosrentals.gr\/fr\/paros-port\/\" \/>\n<meta property=\"og:site_name\" content=\"Paros Rentals\" \/>\n<meta property=\"article:publisher\" content=\"https:\/\/www.facebook.com\/ChaniotisRentals\/\" \/>\n<meta property=\"article:modified_time\" content=\"2022-02-11T22:11:16+00:00\" \/>\n<meta property=\"og:image\" content=\"https:\/\/www.parosrentals.gr\/wp-content\/uploads\/2019\/12\/paros-port-1024x682.jpg\" \/>\n<meta name=\"twitter:card\" content=\"summary_large_image\" \/>\n<meta name=\"twitter:label1\" content=\"Dur\u00e9e de lecture estim\u00e9e\" \/>\n\t<meta name=\"twitter:data1\" content=\"2 minutes\" \/>\n<script type=\"application\/ld+json\" class=\"yoast-schema-graph\">{\"@context\":\"https:\/\/schema.org\",\"@graph\":[{\"@type\":\"WebPage\",\"@id\":\"https:\/\/www.parosrentals.gr\/fr\/paros-port\/\",\"url\":\"https:\/\/www.parosrentals.gr\/fr\/paros-port\/\",\"name\":\"Port de Paros - Paros Rentals\",\"isPartOf\":{\"@id\":\"https:\/\/www.parosrentals.gr\/it\/#website\"},\"primaryImageOfPage\":{\"@id\":\"https:\/\/www.parosrentals.gr\/fr\/paros-port\/#primaryimage\"},\"image\":{\"@id\":\"https:\/\/www.parosrentals.gr\/fr\/paros-port\/#primaryimage\"},\"thumbnailUrl\":\"https:\/\/www.parosrentals.gr\/wp-content\/uploads\/2019\/12\/paros-port-1024x682.jpg\",\"datePublished\":\"2019-12-22T14:53:39+00:00\",\"dateModified\":\"2022-02-11T22:11:16+00:00\",\"breadcrumb\":{\"@id\":\"https:\/\/www.parosrentals.gr\/fr\/paros-port\/#breadcrumb\"},\"inLanguage\":\"fr-FR\",\"potentialAction\":[{\"@type\":\"ReadAction\",\"target\":[\"https:\/\/www.parosrentals.gr\/fr\/paros-port\/\"]}]},{\"@type\":\"ImageObject\",\"inLanguage\":\"fr-FR\",\"@id\":\"https:\/\/www.parosrentals.gr\/fr\/paros-port\/#primaryimage\",\"url\":\"https:\/\/www.parosrentals.gr\/wp-content\/uploads\/2019\/12\/paros-port-1024x682.jpg\",\"contentUrl\":\"https:\/\/www.parosrentals.gr\/wp-content\/uploads\/2019\/12\/paros-port-1024x682.jpg\"},{\"@type\":\"BreadcrumbList\",\"@id\":\"https:\/\/www.parosrentals.gr\/fr\/paros-port\/#breadcrumb\",\"itemListElement\":[{\"@type\":\"ListItem\",\"position\":1,\"name\":\"Home\",\"item\":\"https:\/\/www.parosrentals.gr\/fr\/\"},{\"@type\":\"ListItem\",\"position\":2,\"name\":\"Port de Paros\"}]},{\"@type\":\"WebSite\",\"@id\":\"https:\/\/www.parosrentals.gr\/it\/#website\",\"url\":\"https:\/\/www.parosrentals.gr\/it\/\",\"name\":\"Paros Car & Moto Rentals\",\"description\":\"CAR - MOTO - ATV - TRANSFERS\",\"publisher\":{\"@id\":\"https:\/\/www.parosrentals.gr\/it\/#organization\"},\"potentialAction\":[{\"@type\":\"SearchAction\",\"target\":{\"@type\":\"EntryPoint\",\"urlTemplate\":\"https:\/\/www.parosrentals.gr\/it\/?s={search_term_string}\"},\"query-input\":{\"@type\":\"PropertyValueSpecification\",\"valueRequired\":true,\"valueName\":\"search_term_string\"}}],\"inLanguage\":\"fr-FR\"},{\"@type\":\"Organization\",\"@id\":\"https:\/\/www.parosrentals.gr\/it\/#organization\",\"name\":\"Chaniotis car rentals\",\"url\":\"https:\/\/www.parosrentals.gr\/it\/\",\"logo\":{\"@type\":\"ImageObject\",\"inLanguage\":\"fr-FR\",\"@id\":\"https:\/\/www.parosrentals.gr\/it\/#\/schema\/logo\/image\/\",\"url\":\"https:\/\/www.parosrentals.gr\/wp-content\/uploads\/2019\/12\/paros-car-moto-rental-chaniotis.6-1-scaled-e1580045650720.jpg\",\"contentUrl\":\"https:\/\/www.parosrentals.gr\/wp-content\/uploads\/2019\/12\/paros-car-moto-rental-chaniotis.6-1-scaled-e1580045650720.jpg\",\"width\":1920,\"height\":1056,\"caption\":\"Chaniotis car rentals\"},\"image\":{\"@id\":\"https:\/\/www.parosrentals.gr\/it\/#\/schema\/logo\/image\/\"},\"sameAs\":[\"https:\/\/www.facebook.com\/ChaniotisRentals\/\"]}]}<\/script>\n<!-- \/ Yoast SEO Premium plugin. -->","yoast_head_json":{"title":"Port de Paros - Paros Rentals","robots":{"index":"index","follow":"follow","max-snippet":"max-snippet:-1","max-image-preview":"max-image-preview:large","max-video-preview":"max-video-preview:-1"},"canonical":"https:\/\/www.parosrentals.gr\/fr\/paros-port\/","og_locale":"fr_FR","og_type":"article","og_title":"Port de Paros","og_description":"Le service \u00e0 la client\u00e8le est notre premi\u00e8re priorit\u00e9 et c&rsquo;est pourquoi notre bureau offre totalement prise en charge et retour gratuits v\u00e9hicule au port de Paros ! ZONES DE &hellip;","og_url":"https:\/\/www.parosrentals.gr\/fr\/paros-port\/","og_site_name":"Paros Rentals","article_publisher":"https:\/\/www.facebook.com\/ChaniotisRentals\/","article_modified_time":"2022-02-11T22:11:16+00:00","og_image":[{"url":"https:\/\/www.parosrentals.gr\/wp-content\/uploads\/2019\/12\/paros-port-1024x682.jpg","type":"","width":"","height":""}],"twitter_card":"summary_large_image","twitter_misc":{"Dur\u00e9e de lecture estim\u00e9e":"2 minutes"},"schema":{"@context":"https:\/\/schema.org","@graph":[{"@type":"WebPage","@id":"https:\/\/www.parosrentals.gr\/fr\/paros-port\/","url":"https:\/\/www.parosrentals.gr\/fr\/paros-port\/","name":"Port de Paros - Paros Rentals","isPartOf":{"@id":"https:\/\/www.parosrentals.gr\/it\/#website"},"primaryImageOfPage":{"@id":"https:\/\/www.parosrentals.gr\/fr\/paros-port\/#primaryimage"},"image":{"@id":"https:\/\/www.parosrentals.gr\/fr\/paros-port\/#primaryimage"},"thumbnailUrl":"https:\/\/www.parosrentals.gr\/wp-content\/uploads\/2019\/12\/paros-port-1024x682.jpg","datePublished":"2019-12-22T14:53:39+00:00","dateModified":"2022-02-11T22:11:16+00:00","breadcrumb":{"@id":"https:\/\/www.parosrentals.gr\/fr\/paros-port\/#breadcrumb"},"inLanguage":"fr-FR","potentialAction":[{"@type":"ReadAction","target":["https:\/\/www.parosrentals.gr\/fr\/paros-port\/"]}]},{"@type":"ImageObject","inLanguage":"fr-FR","@id":"https:\/\/www.parosrentals.gr\/fr\/paros-port\/#primaryimage","url":"https:\/\/www.parosrentals.gr\/wp-content\/uploads\/2019\/12\/paros-port-1024x682.jpg","contentUrl":"https:\/\/www.parosrentals.gr\/wp-content\/uploads\/2019\/12\/paros-port-1024x682.jpg"},{"@type":"BreadcrumbList","@id":"https:\/\/www.parosrentals.gr\/fr\/paros-port\/#breadcrumb","itemListElement":[{"@type":"ListItem","position":1,"name":"Home","item":"https:\/\/www.parosrentals.gr\/fr\/"},{"@type":"ListItem","position":2,"name":"Port de Paros"}]},{"@type":"WebSite","@id":"https:\/\/www.parosrentals.gr\/it\/#website","url":"https:\/\/www.parosrentals.gr\/it\/","name":"Paros Car & Moto Rentals","description":"CAR - MOTO - ATV - TRANSFERS","publisher":{"@id":"https:\/\/www.parosrentals.gr\/it\/#organization"},"potentialAction":[{"@type":"SearchAction","target":{"@type":"EntryPoint","urlTemplate":"https:\/\/www.parosrentals.gr\/it\/?s={search_term_string}"},"query-input":{"@type":"PropertyValueSpecification","valueRequired":true,"valueName":"search_term_string"}}],"inLanguage":"fr-FR"},{"@type":"Organization","@id":"https:\/\/www.parosrentals.gr\/it\/#organization","name":"Chaniotis car rentals","url":"https:\/\/www.parosrentals.gr\/it\/","logo":{"@type":"ImageObject","inLanguage":"fr-FR","@id":"https:\/\/www.parosrentals.gr\/it\/#\/schema\/logo\/image\/","url":"https:\/\/www.parosrentals.gr\/wp-content\/uploads\/2019\/12\/paros-car-moto-rental-chaniotis.6-1-scaled-e1580045650720.jpg","contentUrl":"https:\/\/www.parosrentals.gr\/wp-content\/uploads\/2019\/12\/paros-car-moto-rental-chaniotis.6-1-scaled-e1580045650720.jpg","width":1920,"height":1056,"caption":"Chaniotis car rentals"},"image":{"@id":"https:\/\/www.parosrentals.gr\/it\/#\/schema\/logo\/image\/"},"sameAs":["https:\/\/www.facebook.com\/ChaniotisRentals\/"]}]}},"_links":{"self":[{"href":"https:\/\/www.parosrentals.gr\/fr\/wp-json\/wp\/v2\/pages\/2528","targetHints":{"allow":["GET"]}}],"collection":[{"href":"https:\/\/www.parosrentals.gr\/fr\/wp-json\/wp\/v2\/pages"}],"about":[{"href":"https:\/\/www.parosrentals.gr\/fr\/wp-json\/wp\/v2\/types\/page"}],"author":[{"embeddable":true,"href":"https:\/\/www.parosrentals.gr\/fr\/wp-json\/wp\/v2\/users\/4"}],"replies":[{"embeddable":true,"href":"https:\/\/www.parosrentals.gr\/fr\/wp-json\/wp\/v2\/comments?post=2528"}],"version-history":[{"count":0,"href":"https:\/\/www.parosrentals.gr\/fr\/wp-json\/wp\/v2\/pages\/2528\/revisions"}],"wp:attachment":[{"href":"https:\/\/www.parosrentals.gr\/fr\/wp-json\/wp\/v2\/media?parent=2528"}],"curies":[{"name":"wp","href":"https:\/\/api.w.org\/{rel}","templated":true}]}}