{"id":2699,"date":"2019-07-02T09:53:49","date_gmt":"2019-07-02T06:53:49","guid":{"rendered":"https:\/\/www.parosrentals.gr\/our-fleet\/"},"modified":"2026-02-05T22:44:24","modified_gmt":"2026-02-05T20:44:24","slug":"our-fleet","status":"publish","type":"page","link":"https:\/\/www.parosrentals.gr\/fr\/our-fleet\/","title":{"rendered":"Vehicules"},"content":{"rendered":"\t\t<div data-elementor-type=\"wp-page\" data-elementor-id=\"2699\" class=\"elementor elementor-2699 elementor-149\" data-elementor-post-type=\"page\">\n\t\t\t\t\t\t<section class=\"elementor-section elementor-top-section elementor-element elementor-element-7370bdda elementor-section-boxed elementor-section-height-default elementor-section-height-default\" data-id=\"7370bdda\" data-element_type=\"section\">\n\t\t\t\t\t\t<div class=\"elementor-container elementor-column-gap-default\">\n\t\t\t\t\t<div class=\"elementor-column elementor-col-100 elementor-top-column elementor-element elementor-element-693ae523\" data-id=\"693ae523\" data-element_type=\"column\">\n\t\t\t<div class=\"elementor-widget-wrap elementor-element-populated\">\n\t\t\t\t\t\t<div class=\"elementor-element elementor-element-454c0745 elementor-widget elementor-widget-text-editor\" data-id=\"454c0745\" data-element_type=\"widget\" data-widget_type=\"text-editor.default\">\n\t\t\t\t<div class=\"elementor-widget-container\">\n\t\t\t\t\t\t\t\t\t\n<p>Que vous recherchiez le confort absolu pour vos transferts ou l&rsquo;aventure sur les routes de l&rsquo;\u00eele, nos services sont con\u00e7us pour d\u00e9passer vos attentes.<\/p>\n\t\t\t\t\t\t\t\t<\/div>\n\t\t\t\t<\/div>\n\t\t\t\t\t<\/div>\n\t\t<\/div>\n\t\t\t\t\t<\/div>\n\t\t<\/section>\n\t\t\t\t<section class=\"elementor-section elementor-top-section elementor-element elementor-element-c0d65fb elementor-section-boxed elementor-section-height-default elementor-section-height-default\" data-id=\"c0d65fb\" data-element_type=\"section\">\n\t\t\t\t\t\t<div class=\"elementor-container elementor-column-gap-default\">\n\t\t\t\t\t<div class=\"elementor-column elementor-col-33 elementor-top-column elementor-element elementor-element-9873ac2\" data-id=\"9873ac2\" data-element_type=\"column\">\n\t\t\t<div class=\"elementor-widget-wrap elementor-element-populated\">\n\t\t\t\t\t\t<div class=\"elementor-element elementor-element-2583897 elementor-view-default elementor-position-top elementor-mobile-position-top elementor-widget elementor-widget-icon-box\" data-id=\"2583897\" data-element_type=\"widget\" data-widget_type=\"icon-box.default\">\n\t\t\t\t<div class=\"elementor-widget-container\">\n\t\t\t\t\t\t\t<div class=\"elementor-icon-box-wrapper\">\n\n\t\t\t\t\t\t<div class=\"elementor-icon-box-icon\">\n\t\t\t\t<span  class=\"elementor-icon elementor-animation-\">\n\t\t\t\t<i aria-hidden=\"true\" class=\"fas fa-gem\"><\/i>\t\t\t\t<\/span>\n\t\t\t<\/div>\n\t\t\t\n\t\t\t\t\t\t<div class=\"elementor-icon-box-content\">\n\n\t\t\t\t\t\t\t\t\t<h3 class=\"elementor-icon-box-title\">\n\t\t\t\t\t\t<span  >\n\t\t\t\t\t\t\tLuxe & Confort\t\t\t\t\t\t<\/span>\n\t\t\t\t\t<\/h3>\n\t\t\t\t\n\t\t\t\t\t\t\t\t\t<p class=\"elementor-icon-box-description\">\n\t\t\t\t\t\t<div class=\"rental-links\">\n      <a href=\"https:\/\/www.parosrentals.gr\/vehicles\/rent-a-car-paros\/\">Voitures Priv\u00e9es<\/a>\n      <a href=\"https:\/\/www.parosrentals.gr\/vehicles\/rent-a-car-paros\/\">Cabriolet<\/a>\n      <a href=\"https:\/\/www.parosrentals.gr\/vehicles\/rent-a-car-paros\/\">Voitures de Mariage<\/a>\n    <\/div>\n  <\/div>\t\t\t\t\t<\/p>\n\t\t\t\t\n\t\t\t<\/div>\n\t\t\t\n\t\t<\/div>\n\t\t\t\t\t\t<\/div>\n\t\t\t\t<\/div>\n\t\t\t\t\t<\/div>\n\t\t<\/div>\n\t\t\t\t<div class=\"elementor-column elementor-col-33 elementor-top-column elementor-element elementor-element-ddbbec4\" data-id=\"ddbbec4\" data-element_type=\"column\">\n\t\t\t<div class=\"elementor-widget-wrap elementor-element-populated\">\n\t\t\t\t\t\t<div class=\"elementor-element elementor-element-fa8d697 elementor-view-default elementor-position-top elementor-mobile-position-top elementor-widget elementor-widget-icon-box\" data-id=\"fa8d697\" data-element_type=\"widget\" data-widget_type=\"icon-box.default\">\n\t\t\t\t<div class=\"elementor-widget-container\">\n\t\t\t\t\t\t\t<div class=\"elementor-icon-box-wrapper\">\n\n\t\t\t\t\t\t<div class=\"elementor-icon-box-icon\">\n\t\t\t\t<span  class=\"elementor-icon elementor-animation-\">\n\t\t\t\t<i aria-hidden=\"true\" class=\"fas fa-truck-monster\"><\/i>\t\t\t\t<\/span>\n\t\t\t<\/div>\n\t\t\t\n\t\t\t\t\t\t<div class=\"elementor-icon-box-content\">\n\n\t\t\t\t\t\t\t\t\t<h3 class=\"elementor-icon-box-title\">\n\t\t\t\t\t\t<span  >\n\t\t\t\t\t\t\tAventure sur l'\u00eele\t\t\t\t\t\t<\/span>\n\t\t\t\t\t<\/h3>\n\t\t\t\t\n\t\t\t\t\t\t\t\t\t<p class=\"elementor-icon-box-description\">\n\t\t\t\t\t\t<div class=\"rental-links\">\n      <a href=\"https:\/\/www.parosrentals.gr\/vehicles\/rent-a-jeep-paros\/\">Jeep 4x4<\/a>\n      <a href=\"https:\/\/www.parosrentals.gr\/vehicles\/rent-a-scooter-paros\/\">Nouveaux Scooters<\/a>\n      <a href=\"https:\/\/www.parosrentals.gr\/vehicles\/rent-a-buggy-quad-paros\/\">Quad & Buggy<\/a>\n    <\/div>\n  <\/div>\t\t\t\t\t<\/p>\n\t\t\t\t\n\t\t\t<\/div>\n\t\t\t\n\t\t<\/div>\n\t\t\t\t\t\t<\/div>\n\t\t\t\t<\/div>\n\t\t\t\t\t<\/div>\n\t\t<\/div>\n\t\t\t\t<div class=\"elementor-column elementor-col-33 elementor-top-column elementor-element elementor-element-0a65d7d\" data-id=\"0a65d7d\" data-element_type=\"column\">\n\t\t\t<div class=\"elementor-widget-wrap elementor-element-populated\">\n\t\t\t\t\t\t<div class=\"elementor-element elementor-element-36b7aa3 elementor-view-default elementor-position-top elementor-mobile-position-top elementor-widget elementor-widget-icon-box\" data-id=\"36b7aa3\" data-element_type=\"widget\" data-widget_type=\"icon-box.default\">\n\t\t\t\t<div class=\"elementor-widget-container\">\n\t\t\t\t\t\t\t<div class=\"elementor-icon-box-wrapper\">\n\n\t\t\t\t\t\t<div class=\"elementor-icon-box-icon\">\n\t\t\t\t<span  class=\"elementor-icon elementor-animation-\">\n\t\t\t\t<i aria-hidden=\"true\" class=\"fas fa-shuttle-van\"><\/i>\t\t\t\t<\/span>\n\t\t\t<\/div>\n\t\t\t\n\t\t\t\t\t\t<div class=\"elementor-icon-box-content\">\n\n\t\t\t\t\t\t\t\t\t<h3 class=\"elementor-icon-box-title\">\n\t\t\t\t\t\t<span  >\n\t\t\t\t\t\t\tGroupes & Familles\t\t\t\t\t\t<\/span>\n\t\t\t\t\t<\/h3>\n\t\t\t\t\n\t\t\t\t\t\t\t\t\t<p class=\"elementor-icon-box-description\">\n\t\t\t\t\t\t<div class=\"rental-links\">\n      <a href=\"https:\/\/www.parosrentals.gr\/vehicles\/rent-aminivan-paros\/\">Minibus<\/a>\n      <a href=\"https:\/\/www.parosrentals.gr\/vehicles\/rent-a-car-paros\/\">Voitures Familiales<\/a>\n    <\/div>\n  <\/div>\t\t\t\t\t<\/p>\n\t\t\t\t\n\t\t\t<\/div>\n\t\t\t\n\t\t<\/div>\n\t\t\t\t\t\t<\/div>\n\t\t\t\t<\/div>\n\t\t\t\t\t<\/div>\n\t\t<\/div>\n\t\t\t\t\t<\/div>\n\t\t<\/section>\n\t\t\t\t<\/div>\n\t\t","protected":false},"excerpt":{"rendered":"<p>Que vous recherchiez le confort absolu pour vos transferts ou l&rsquo;aventure sur les routes de l&rsquo;\u00eele, nos services sont con\u00e7us pour d\u00e9passer vos attentes. Luxe &#038; Confort Voitures Priv\u00e9es Cabriolet &hellip; <\/p>\n","protected":false},"author":3,"featured_media":1877,"parent":0,"menu_order":104,"comment_status":"closed","ping_status":"closed","template":"","meta":{"_acf_changed":false,"footnotes":""},"class_list":["post-2699","page","type-page","status-publish","has-post-thumbnail","hentry"],"acf":[],"yoast_head":"<!-- This site is optimized with the Yoast SEO Premium plugin v26.7 (Yoast SEO v26.7) - https:\/\/yoast.com\/wordpress\/plugins\/seo\/ -->\n<title>Vehicules - Paros Rentals<\/title>\n<meta name=\"robots\" content=\"index, follow, max-snippet:-1, max-image-preview:large, max-video-preview:-1\" \/>\n<link rel=\"canonical\" href=\"https:\/\/www.parosrentals.gr\/fr\/our-fleet\/\" \/>\n<meta property=\"og:locale\" content=\"fr_FR\" \/>\n<meta property=\"og:type\" content=\"article\" \/>\n<meta property=\"og:title\" content=\"Vehicules\" \/>\n<meta property=\"og:description\" content=\"Que vous recherchiez le confort absolu pour vos transferts ou l&rsquo;aventure sur les routes de l&rsquo;\u00eele, nos services sont con\u00e7us pour d\u00e9passer vos attentes. Luxe &#038; Confort Voitures Priv\u00e9es Cabriolet &hellip;\" \/>\n<meta property=\"og:url\" content=\"https:\/\/www.parosrentals.gr\/fr\/our-fleet\/\" \/>\n<meta property=\"og:site_name\" content=\"Paros Rentals\" \/>\n<meta property=\"article:publisher\" content=\"https:\/\/www.facebook.com\/ChaniotisRentals\/\" \/>\n<meta property=\"article:modified_time\" content=\"2026-02-05T20:44:24+00:00\" \/>\n<meta property=\"og:image\" content=\"https:\/\/www.parosrentals.gr\/wp-content\/uploads\/2019\/07\/group-8@3x-1.png\" \/>\n\t<meta property=\"og:image:width\" content=\"1920\" \/>\n\t<meta property=\"og:image:height\" content=\"580\" \/>\n\t<meta property=\"og:image:type\" content=\"image\/png\" \/>\n<meta name=\"twitter:card\" content=\"summary_large_image\" \/>\n<meta name=\"twitter:label1\" content=\"Dur\u00e9e de lecture estim\u00e9e\" \/>\n\t<meta name=\"twitter:data1\" content=\"1 minute\" \/>\n<script type=\"application\/ld+json\" class=\"yoast-schema-graph\">{\"@context\":\"https:\/\/schema.org\",\"@graph\":[{\"@type\":\"WebPage\",\"@id\":\"https:\/\/www.parosrentals.gr\/fr\/our-fleet\/\",\"url\":\"https:\/\/www.parosrentals.gr\/fr\/our-fleet\/\",\"name\":\"Vehicules - Paros Rentals\",\"isPartOf\":{\"@id\":\"https:\/\/www.parosrentals.gr\/it\/#website\"},\"primaryImageOfPage\":{\"@id\":\"https:\/\/www.parosrentals.gr\/fr\/our-fleet\/#primaryimage\"},\"image\":{\"@id\":\"https:\/\/www.parosrentals.gr\/fr\/our-fleet\/#primaryimage\"},\"thumbnailUrl\":\"https:\/\/www.parosrentals.gr\/wp-content\/uploads\/2019\/07\/group-8@3x-1.png\",\"datePublished\":\"2019-07-02T06:53:49+00:00\",\"dateModified\":\"2026-02-05T20:44:24+00:00\",\"breadcrumb\":{\"@id\":\"https:\/\/www.parosrentals.gr\/fr\/our-fleet\/#breadcrumb\"},\"inLanguage\":\"fr-FR\",\"potentialAction\":[{\"@type\":\"ReadAction\",\"target\":[\"https:\/\/www.parosrentals.gr\/fr\/our-fleet\/\"]}]},{\"@type\":\"ImageObject\",\"inLanguage\":\"fr-FR\",\"@id\":\"https:\/\/www.parosrentals.gr\/fr\/our-fleet\/#primaryimage\",\"url\":\"https:\/\/www.parosrentals.gr\/wp-content\/uploads\/2019\/07\/group-8@3x-1.png\",\"contentUrl\":\"https:\/\/www.parosrentals.gr\/wp-content\/uploads\/2019\/07\/group-8@3x-1.png\",\"width\":1920,\"height\":580,\"caption\":\"Chaniotis Paros Rentals Fleet\"},{\"@type\":\"BreadcrumbList\",\"@id\":\"https:\/\/www.parosrentals.gr\/fr\/our-fleet\/#breadcrumb\",\"itemListElement\":[{\"@type\":\"ListItem\",\"position\":1,\"name\":\"Home\",\"item\":\"https:\/\/www.parosrentals.gr\/fr\/\"},{\"@type\":\"ListItem\",\"position\":2,\"name\":\"Vehicules\"}]},{\"@type\":\"WebSite\",\"@id\":\"https:\/\/www.parosrentals.gr\/it\/#website\",\"url\":\"https:\/\/www.parosrentals.gr\/it\/\",\"name\":\"Paros Car & Moto Rentals\",\"description\":\"CAR - MOTO - ATV - TRANSFERS\",\"publisher\":{\"@id\":\"https:\/\/www.parosrentals.gr\/it\/#organization\"},\"potentialAction\":[{\"@type\":\"SearchAction\",\"target\":{\"@type\":\"EntryPoint\",\"urlTemplate\":\"https:\/\/www.parosrentals.gr\/it\/?s={search_term_string}\"},\"query-input\":{\"@type\":\"PropertyValueSpecification\",\"valueRequired\":true,\"valueName\":\"search_term_string\"}}],\"inLanguage\":\"fr-FR\"},{\"@type\":\"Organization\",\"@id\":\"https:\/\/www.parosrentals.gr\/it\/#organization\",\"name\":\"Chaniotis car rentals\",\"url\":\"https:\/\/www.parosrentals.gr\/it\/\",\"logo\":{\"@type\":\"ImageObject\",\"inLanguage\":\"fr-FR\",\"@id\":\"https:\/\/www.parosrentals.gr\/it\/#\/schema\/logo\/image\/\",\"url\":\"https:\/\/www.parosrentals.gr\/wp-content\/uploads\/2019\/12\/paros-car-moto-rental-chaniotis.6-1-scaled-e1580045650720.jpg\",\"contentUrl\":\"https:\/\/www.parosrentals.gr\/wp-content\/uploads\/2019\/12\/paros-car-moto-rental-chaniotis.6-1-scaled-e1580045650720.jpg\",\"width\":1920,\"height\":1056,\"caption\":\"Chaniotis car rentals\"},\"image\":{\"@id\":\"https:\/\/www.parosrentals.gr\/it\/#\/schema\/logo\/image\/\"},\"sameAs\":[\"https:\/\/www.facebook.com\/ChaniotisRentals\/\"]}]}<\/script>\n<!-- \/ Yoast SEO Premium plugin. -->","yoast_head_json":{"title":"Vehicules - Paros Rentals","robots":{"index":"index","follow":"follow","max-snippet":"max-snippet:-1","max-image-preview":"max-image-preview:large","max-video-preview":"max-video-preview:-1"},"canonical":"https:\/\/www.parosrentals.gr\/fr\/our-fleet\/","og_locale":"fr_FR","og_type":"article","og_title":"Vehicules","og_description":"Que vous recherchiez le confort absolu pour vos transferts ou l&rsquo;aventure sur les routes de l&rsquo;\u00eele, nos services sont con\u00e7us pour d\u00e9passer vos attentes. Luxe &#038; Confort Voitures Priv\u00e9es Cabriolet &hellip;","og_url":"https:\/\/www.parosrentals.gr\/fr\/our-fleet\/","og_site_name":"Paros Rentals","article_publisher":"https:\/\/www.facebook.com\/ChaniotisRentals\/","article_modified_time":"2026-02-05T20:44:24+00:00","og_image":[{"width":1920,"height":580,"url":"https:\/\/www.parosrentals.gr\/wp-content\/uploads\/2019\/07\/group-8@3x-1.png","type":"image\/png"}],"twitter_card":"summary_large_image","twitter_misc":{"Dur\u00e9e de lecture estim\u00e9e":"1 minute"},"schema":{"@context":"https:\/\/schema.org","@graph":[{"@type":"WebPage","@id":"https:\/\/www.parosrentals.gr\/fr\/our-fleet\/","url":"https:\/\/www.parosrentals.gr\/fr\/our-fleet\/","name":"Vehicules - Paros Rentals","isPartOf":{"@id":"https:\/\/www.parosrentals.gr\/it\/#website"},"primaryImageOfPage":{"@id":"https:\/\/www.parosrentals.gr\/fr\/our-fleet\/#primaryimage"},"image":{"@id":"https:\/\/www.parosrentals.gr\/fr\/our-fleet\/#primaryimage"},"thumbnailUrl":"https:\/\/www.parosrentals.gr\/wp-content\/uploads\/2019\/07\/group-8@3x-1.png","datePublished":"2019-07-02T06:53:49+00:00","dateModified":"2026-02-05T20:44:24+00:00","breadcrumb":{"@id":"https:\/\/www.parosrentals.gr\/fr\/our-fleet\/#breadcrumb"},"inLanguage":"fr-FR","potentialAction":[{"@type":"ReadAction","target":["https:\/\/www.parosrentals.gr\/fr\/our-fleet\/"]}]},{"@type":"ImageObject","inLanguage":"fr-FR","@id":"https:\/\/www.parosrentals.gr\/fr\/our-fleet\/#primaryimage","url":"https:\/\/www.parosrentals.gr\/wp-content\/uploads\/2019\/07\/group-8@3x-1.png","contentUrl":"https:\/\/www.parosrentals.gr\/wp-content\/uploads\/2019\/07\/group-8@3x-1.png","width":1920,"height":580,"caption":"Chaniotis Paros Rentals Fleet"},{"@type":"BreadcrumbList","@id":"https:\/\/www.parosrentals.gr\/fr\/our-fleet\/#breadcrumb","itemListElement":[{"@type":"ListItem","position":1,"name":"Home","item":"https:\/\/www.parosrentals.gr\/fr\/"},{"@type":"ListItem","position":2,"name":"Vehicules"}]},{"@type":"WebSite","@id":"https:\/\/www.parosrentals.gr\/it\/#website","url":"https:\/\/www.parosrentals.gr\/it\/","name":"Paros Car & Moto Rentals","description":"CAR - MOTO - ATV - TRANSFERS","publisher":{"@id":"https:\/\/www.parosrentals.gr\/it\/#organization"},"potentialAction":[{"@type":"SearchAction","target":{"@type":"EntryPoint","urlTemplate":"https:\/\/www.parosrentals.gr\/it\/?s={search_term_string}"},"query-input":{"@type":"PropertyValueSpecification","valueRequired":true,"valueName":"search_term_string"}}],"inLanguage":"fr-FR"},{"@type":"Organization","@id":"https:\/\/www.parosrentals.gr\/it\/#organization","name":"Chaniotis car rentals","url":"https:\/\/www.parosrentals.gr\/it\/","logo":{"@type":"ImageObject","inLanguage":"fr-FR","@id":"https:\/\/www.parosrentals.gr\/it\/#\/schema\/logo\/image\/","url":"https:\/\/www.parosrentals.gr\/wp-content\/uploads\/2019\/12\/paros-car-moto-rental-chaniotis.6-1-scaled-e1580045650720.jpg","contentUrl":"https:\/\/www.parosrentals.gr\/wp-content\/uploads\/2019\/12\/paros-car-moto-rental-chaniotis.6-1-scaled-e1580045650720.jpg","width":1920,"height":1056,"caption":"Chaniotis car rentals"},"image":{"@id":"https:\/\/www.parosrentals.gr\/it\/#\/schema\/logo\/image\/"},"sameAs":["https:\/\/www.facebook.com\/ChaniotisRentals\/"]}]}},"_links":{"self":[{"href":"https:\/\/www.parosrentals.gr\/fr\/wp-json\/wp\/v2\/pages\/2699","targetHints":{"allow":["GET"]}}],"collection":[{"href":"https:\/\/www.parosrentals.gr\/fr\/wp-json\/wp\/v2\/pages"}],"about":[{"href":"https:\/\/www.parosrentals.gr\/fr\/wp-json\/wp\/v2\/types\/page"}],"author":[{"embeddable":true,"href":"https:\/\/www.parosrentals.gr\/fr\/wp-json\/wp\/v2\/users\/3"}],"replies":[{"embeddable":true,"href":"https:\/\/www.parosrentals.gr\/fr\/wp-json\/wp\/v2\/comments?post=2699"}],"version-history":[{"count":5,"href":"https:\/\/www.parosrentals.gr\/fr\/wp-json\/wp\/v2\/pages\/2699\/revisions"}],"predecessor-version":[{"id":18354,"href":"https:\/\/www.parosrentals.gr\/fr\/wp-json\/wp\/v2\/pages\/2699\/revisions\/18354"}],"wp:featuredmedia":[{"embeddable":true,"href":"https:\/\/www.parosrentals.gr\/fr\/wp-json\/wp\/v2\/media\/1877"}],"wp:attachment":[{"href":"https:\/\/www.parosrentals.gr\/fr\/wp-json\/wp\/v2\/media?parent=2699"}],"curies":[{"name":"wp","href":"https:\/\/api.w.org\/{rel}","templated":true}]}}